{"id":189,"date":"2020-09-09T15:04:59","date_gmt":"2020-09-09T15:04:59","guid":{"rendered":"http:\/\/www.neunpfeile.de\/?page_id=189"},"modified":"2020-09-18T15:00:42","modified_gmt":"2020-09-18T15:00:42","slug":"gaestebuch","status":"publish","type":"page","link":"https:\/\/www.neunpfeile.de\/index.php\/gaestebuch\/","title":{"rendered":"G\u00e4stebuch"},"content":{"rendered":"\n<p>Liebe Leserinnen und Leser der \u00bbNeun Pfeile\u00ab \u2013 \u00bbAtem der Zeit\u00ab,<\/p>\n\n\n\n<p>ich freue mich auf Eure Kommentare und Feedbacks!<\/p>\n\n\n\n<p>Herzlichst,<br>Marlis Bader<\/p>\n\n\n\n<p><\/p>\n\n\n<div class=\"gwolle-gb\"><div class=\"gwolle-gb-messages-top-container\"><\/div>\n\t\t\t<div class=\"gwolle-gb-write-button\">\n\t\t\t\t<input type=\"button\" name=\"gwolle-gb-write-button\" class=\"button btn btn-default \" value=\"Neuen Eintrag schreiben\" aria-expanded=\"false\" \/>\n\t\t\t<\/div>\n\t\t\t<form action=\"#\" method=\"POST\" class=\"gwolle-gb-write gwolle-gb-hide gwolle-gb-float gwolle-gb-form-ajax gwolle-gb-ajax gwolle-gb-not-logged-in\">\n\t\t\t\t<h3>Einen neuen Eintrag f\u00fcr das G\u00e4stebuch schreiben<\/h3>\n\t\t\t\t<button type=\"button\" class=\"gb-notice-dismiss\">x<span class=\"screen-reader-text\">Dieses Formular ausblenden<\/span><\/button>\n\t\t\t\n\t\t\t\t<input type=\"hidden\" name=\"gwolle_gb_function\" class=\"gwolle_gb_function\" value=\"add_entry\" \/><input type=\"hidden\" name=\"gwolle_gb_book_id\" class=\"gwolle_gb_book_id\" value=\"1\" \/><div class=\"gwolle_gb_3cccc4618d80365382ca2b73d83627fd\">\n\t\t\t\t<div class=\"label\"><label for=\"gwolle_gb_3cccc4618d80365382ca2b73d83627fd-1\" class=\"text-info\">Name <span class=\"required\">*<\/span><\/label><\/div>\n\t\t\t\t<div class=\"input\"><input class=\"wp-exclude-emoji gwolle_gb_3cccc4618d80365382ca2b73d83627fd\" value=\"\" type=\"text\" id=\"gwolle_gb_3cccc4618d80365382ca2b73d83627fd-1\" name=\"gwolle_gb_3cccc4618d80365382ca2b73d83627fd\" required \/><\/div>\n\t\t\t\t<div class=\"clearBoth\">&nbsp;<\/div>\n\t\t\t<\/div><div class=\"gwolle_gb_c62d992c2d59c710e6cf9c90e88f19c8\">\n\t\t\t\t\t<div class=\"label\"><label for=\"gwolle_gb_c62d992c2d59c710e6cf9c90e88f19c8-1\" class=\"text-info\">Stadt<\/label><\/div>\n\t\t\t\t\t<div class=\"input\"><input class=\"wp-exclude-emoji gwolle_gb_c62d992c2d59c710e6cf9c90e88f19c8\" value=\"\" type=\"text\" id=\"gwolle_gb_c62d992c2d59c710e6cf9c90e88f19c8-1\" name=\"gwolle_gb_c62d992c2d59c710e6cf9c90e88f19c8\" \/><\/div>\n\t\t\t\t\t<div class=\"clearBoth\">&nbsp;<\/div>\n\t\t\t\t<\/div><div class=\"gwolle_gb_65166980aa24f300acd146d6a07c0e9e\">\n\t\t\t\t<div class=\"label\"><label for=\"gwolle_gb_65166980aa24f300acd146d6a07c0e9e-1\" class=\"text-info\">E-Mail <span class=\"required\">*<\/span><\/label><\/div>\n\t\t\t\t<div class=\"input\"><input class=\"gwolle_gb_65166980aa24f300acd146d6a07c0e9e\" value=\"\" type=\"email\" id=\"gwolle_gb_65166980aa24f300acd146d6a07c0e9e-1\" name=\"gwolle_gb_65166980aa24f300acd146d6a07c0e9e\" required \/><\/div>\n\t\t\t\t<div class=\"clearBoth\">&nbsp;<\/div>\n\t\t\t<\/div><div class=\"gwolle_gb_8771a71b59b4996bea7cfea169579491\">\n\t\t\t\t<div class=\"label\"><label for=\"gwolle_gb_8771a71b59b4996bea7cfea169579491-1\" class=\"text-info\">Website<\/label><\/div>\n\t\t\t\t<div class=\"input\"><input class=\"gwolle_gb_8771a71b59b4996bea7cfea169579491\" value=\"\" type=\"url\" id=\"gwolle_gb_8771a71b59b4996bea7cfea169579491-1\" name=\"gwolle_gb_8771a71b59b4996bea7cfea169579491\" \/><\/div>\n\t\t\t\t<div class=\"clearBoth\">&nbsp;<\/div>\n\t\t\t<\/div>\n\t\t\t<div class=\"gwolle_gb_96e2c379ef1a2a2bf3b4e3c3fd0f3cfa\" style=\"display:none;overflow:hidden;\" hidden=\"true\" aria-hidden=\"true\">\n\t\t\t\t<div class=\"label\">\n\t\t\t\t\t<label for=\"gwolle_gb_96e2c379ef1a2a2bf3b4e3c3fd0f3cfa-1\" class=\"text-primary\">Hier nichts eingeben<\/label>\n\t\t\t\t\t<label for=\"gwolle_gb_b85d42d477013e040a015dc7036ec116-1\" class=\"text-primary\">Hier nichts eingeben<\/label>\n\t\t\t\t<\/div>\n\t\t\t\t<div class=\"input\">\n\t\t\t\t\t<input value=\"63\" type=\"text\" id=\"gwolle_gb_96e2c379ef1a2a2bf3b4e3c3fd0f3cfa-1\" name=\"gwolle_gb_96e2c379ef1a2a2bf3b4e3c3fd0f3cfa\" class=\"gwolle_gb_96e2c379ef1a2a2bf3b4e3c3fd0f3cfa\" style=\"transform: translateY(10000px);\" \/>\n\t\t\t\t\t<input value=\"\" type=\"text\" name=\"gwolle_gb_b85d42d477013e040a015dc7036ec116\" id=\"gwolle_gb_b85d42d477013e040a015dc7036ec116-1\" class=\"gwolle_gb_b85d42d477013e040a015dc7036ec116\" style=\"transform: translateY(10000px);\" \/>\n\t\t\t\t<\/div>\n\t\t\t\t<div class=\"clearBoth\"><\/div>\n\t\t\t<\/div>\n\t\t\t<div class=\"gwolle_gb_b11cc645db84b62268c587557ff8e3fd\" style=\"display:none;overflow:hidden;\" hidden=\"true\" aria-hidden=\"true\">\n\t\t\t\t<div class=\"label\">\n\t\t\t\t\t<label for=\"gwolle_gb_b11cc645db84b62268c587557ff8e3fd-1\" class=\"text-primary\">Hier nichts eingeben<\/label>\n\t\t\t\t\t<label for=\"gwolle_gb_9056dffe602db800fcb1df147812f049-1\" class=\"text-primary\">Hier nichts eingeben<\/label>\n\t\t\t\t<\/div>\n\t\t\t\t<div class=\"input\">\n\t\t\t\t\t<input value=\"12281\" type=\"text\" id=\"gwolle_gb_b11cc645db84b62268c587557ff8e3fd-1\" name=\"gwolle_gb_b11cc645db84b62268c587557ff8e3fd\" class=\"gwolle_gb_b11cc645db84b62268c587557ff8e3fd\" style=\"transform: translateY(10000px);\" \/>\n\t\t\t\t\t<input value=\"12281\" type=\"text\"id=\"gwolle_gb_9056dffe602db800fcb1df147812f049-1\" name=\"gwolle_gb_9056dffe602db800fcb1df147812f049\" class=\"gwolle_gb_9056dffe602db800fcb1df147812f049\" style=\"transform: translateY(10000px);\" \/>\n\t\t\t\t<\/div>\n\t\t\t\t<div class=\"clearBoth\"><\/div>\n\t\t\t<\/div><div class=\"gwolle_gb_content\">\n\t\t\t\t<div class=\"label\"><label for=\"gwolle_gb_content-1\" class=\"text-info\">G\u00e4stebucheintrag <span class=\"required\">*<\/span><\/label><\/div>\n\t\t\t\t<div class=\"input\"><textarea id=\"gwolle_gb_content-1\" name=\"gwolle_gb_content\" class=\"gwolle_gb_content wp-exclude-emoji\" required ><\/textarea><\/div>\n\t\t\t\t\t<div class=\"clearBoth\">&nbsp;<\/div>\n\t\t\t\t<\/div><input type=\"hidden\" class=\"gwolle_gb_66714d19c8551fdffc99791eb4e1ef6e\" id=\"gwolle_gb_66714d19c8551fdffc99791eb4e1ef6e-1\" name=\"gwolle_gb_66714d19c8551fdffc99791eb4e1ef6e\" value=\"e5afe97317\" \/>\n\t\t\t<div class=\"gwolle-gb-messages-bottom-container\"><\/div>\n\n\t\t\t<noscript><div class=\"no-js\">Warnung: Dieses Formular kann nur verwendet werden, wenn in deinem Browser JavaScript aktiviert ist.<\/div><\/noscript>\n\n\t\t\t<div class=\"gwolle_gb_submit gwolle-gb-submit\">\n\t\t\t\t<div class=\"label gwolle-gb-invisible text-muted\">&nbsp;<\/div>\n\t\t\t\t<div class=\"input\">\n\t\t\t\t\t<input type=\"submit\" name=\"gwolle_gb_submit\" class=\"gwolle_gb_submit button btn btn-primary \" value=\"Absenden\" \/>\n\t\t\t\t\t<span class=\"gwolle_gb_submit_ajax_icon gwolle-gb-submit-ajax-icon\"><\/span>\n\t\t\t\n\t\t\t\t<\/div>\n\t\t\t\t<div class=\"clearBoth\">&nbsp;<\/div>\n\t\t\t<\/div>\n\n\t\t\t<div class=\"gwolle_gb_notice gwolle-gb-notice\">\n\t\t\t\tMit * gekennzeichnete Felder sind erforderlich.<br \/>\r\nDeine E-Mail-Adresse wird nicht ver\u00f6ffentlicht.<br \/>\r\nEs ist m\u00f6glich, dass dein Eintrag im G\u00e4stebuch erst sichtbar ist, nachdem wir ihn \u00fcberpr\u00fcft haben.<br \/>\r\nWir behalten uns vor, Eintr\u00e4ge zu bearbeiten, zu l\u00f6schen oder nicht zu ver\u00f6ffentlichen.\n\t\t\t<\/div><\/form><div class=\"gwolle-gb-read gwolle-gb-ajax gwolle-gb-entries-list gwolle-gb-infinite\" data-book_id=\"1\" data-page_id=\"1\">\n\t\t<div id=\"gwolle-gb-total\" class=\"gwolle-gb-total\">7 Eintr\u00e4ge<\/div><!-- Gwolle-GB Entry: Default Template Loaded -->\n\t\t\t\t<div class=\"gb-entry gb-entry_10 gb-entry-count_1 gwolle-gb-uneven gwolle-gb-first\" id=\"gb-entry_10\" data-entry_id=\"10\">\n\t\t\t\t<article>\n\t\t\t\t\t<div class=\"gb-author-info\">\n\t\t\t\t\t\t<span class=\"gb-author-name\">Lisa-Vera\n\t\t\t\t\t\t<\/span>\n\t\t\t\t\t\t<span class=\"gb-author-origin\">\n\t\t\t\t\t\t\t<span class=\"gb-author-origin-from-text\"> aus<\/span>\n\t\t\t\t\t\t\t<span class=\"gb-author-origin-text\"> Waldshut-Tiengen<\/span>\n\t\t\t\t\t\t<\/span>\n\t\t\t\t\t\t<span class=\"gb-datetime\">\n\t\t\t\t\t\t\t<span class=\"gb-date\"><span class=\"gb-date-wrote-text\"> schrieb am<\/span><span class=\"gb-date-text\"> 18. M\u00e4rz 2024<\/span>\n\t\t\t\t\t\t\t<\/span>\n\t\t\t\t\t\t<\/span> \n\t\t\t\t\t<\/div>\n\t\t\t\t\t<div class=\"gb-entry-content\">Liebe Marlis, \r\nDas Buch hat mich richtig gepackt, meine Kinder mussten st\u00e4ndig auf mich warten \ud83d\ude1c\r\nIst ein zweiter Band in Planung ? Seit ich den Atem der Zeit gelesen habe, schaue ich immer mal wieder nach, ob es schon Neuigkeiten gibt. \r\nIch bin so neugierig auf weitere spannende Abenteuer \u263a\ufe0f\r\nFreudige Gr\u00fc\u00dfe \r\nLisa\n\t\t\t\t\t<\/div>\n\t\t\t\t<\/article>\n\t\t\t<\/div>\n\t\t\t<div class=\"gb-entry gb-entry_9 gb-entry-count_2 gwolle-gb-even\" id=\"gb-entry_9\" data-entry_id=\"9\">\n\t\t\t\t<article>\n\t\t\t\t\t<div class=\"gb-author-info\">\n\t\t\t\t\t\t<span class=\"gb-author-name\">Petra K.\n\t\t\t\t\t\t<\/span>\n\t\t\t\t\t\t<span class=\"gb-author-origin\">\n\t\t\t\t\t\t\t<span class=\"gb-author-origin-from-text\"> aus<\/span>\n\t\t\t\t\t\t\t<span class=\"gb-author-origin-text\"> Wadern<\/span>\n\t\t\t\t\t\t<\/span>\n\t\t\t\t\t\t<span class=\"gb-datetime\">\n\t\t\t\t\t\t\t<span class=\"gb-date\"><span class=\"gb-date-wrote-text\"> schrieb am<\/span><span class=\"gb-date-text\"> 26. Mai 2022<\/span>\n\t\t\t\t\t\t\t<\/span>\n\t\t\t\t\t\t<\/span> \n\t\t\t\t\t<\/div>\n\t\t\t\t\t<div class=\"gb-entry-content\">Liebe Marlis,\r\nich warte schon sooo sehns\u00fcchtig auf die Fortsetzung des &#034;Atems der Zeit&#034;.\r\nJetzt war ich ein paar Tage in Urlaub und habe mir wieder den ersten Band eingepackt und erneut mit sehr viel Freude gelesen. Wenn man sieht, wie im Moment auch unsere Welt Kopf steht und sich wandelt, ist es so sch\u00f6n zu lesen, was wirklich z\u00e4hlt und welche Essenz wir suchen und finden d\u00fcrfen.\r\nHerzliche Gr\u00fc\u00dfe\r\nPetra\n\t\t\t\t\t<\/div>\n\t\t\t\t<\/article>\n\t\t\t<\/div>\n\t\t\t<div class=\"gb-entry gb-entry_8 gb-entry-count_3 gwolle-gb-uneven\" id=\"gb-entry_8\" data-entry_id=\"8\">\n\t\t\t\t<article>\n\t\t\t\t\t<div class=\"gb-author-info\">\n\t\t\t\t\t\t<span class=\"gb-author-name\">Ulrike Dabic\n\t\t\t\t\t\t<\/span>\n\t\t\t\t\t\t<span class=\"gb-author-origin\">\n\t\t\t\t\t\t\t<span class=\"gb-author-origin-from-text\"> aus<\/span>\n\t\t\t\t\t\t\t<span class=\"gb-author-origin-text\"> Bad Oeynhausen<\/span>\n\t\t\t\t\t\t<\/span>\n\t\t\t\t\t\t<span class=\"gb-datetime\">\n\t\t\t\t\t\t\t<span class=\"gb-date\"><span class=\"gb-date-wrote-text\"> schrieb am<\/span><span class=\"gb-date-text\"> 11. Februar 2021<\/span>\n\t\t\t\t\t\t\t<\/span>\n\t\t\t\t\t\t<\/span> \n\t\t\t\t\t<\/div>\n\t\t\t\t\t<div class=\"gb-entry-content\">Bitte unbedingt mehr davon!! Ich finde es eine sehr gelungene, unterhaltsame Geschichte. Einfache, ja mittelalterliche Lebensumst\u00e4nde, die Verbundenheit zur Natur, menschliches und auch unmenschliches Verhalten, politische Intrigen und B\u00fcndnisse, Freundschaft und Verrat, Magie und spannende Wendungen entf\u00fchren in eine ganz eigene, aufregende Welt. Zum Gl\u00fcck ohne dabei zu kompliziert und verwirrend zu werden. Geheimnisvoll \u2013 ja, aber man kann trotzdem der Geschichte folgen. Der Autorin ist es gelungen, interessante Figuren in einem spannenden Kampf um Zeit und Macht zu verweben. Es war eine Freude, dieses Buch zu lesen, jede Seite! Nie kommt Langeweile auf.  Ich habe es in 2 N\u00e4chten durchgesuchtet! Es ist wirklich sehr viel Potential f\u00fcr Fortsetzungen gegeben. Die Charaktere sind so vielf\u00e4ltig und es macht mich total neugierig, wie sie sich wohl weiter entwickeln werden und welche Geheimnisse sie noch preisgeben werden. \r\nDer \u201eAtem der Zeit\u201c ist spannend und macht Lust auf mehr! \r\nHerzlichen Gl\u00fcckwunsch zu diesem tollen Buch! \ud83d\ude42\n\t\t\t\t\t<\/div>\n\t\t\t\t<\/article>\n\t\t\t<\/div>\n\t\t\t<div class=\"gb-entry gb-entry_7 gb-entry-count_4 gwolle-gb-even\" id=\"gb-entry_7\" data-entry_id=\"7\">\n\t\t\t\t<article>\n\t\t\t\t\t<div class=\"gb-author-info\">\n\t\t\t\t\t\t<span class=\"gb-author-name\"><a href=\"http:\/\/www.amedea-praxis.de\" target=\"_blank\" rel=\"nofollow noopener noreferrer\"\n\t\t\t\t\t\t\ttitle=\"Besuche die Website von Petra Krafsig: http:\/\/www.amedea-praxis.de\">Petra Krafsig<\/a>\n\t\t\t\t\t\t<\/span>\n\t\t\t\t\t\t<span class=\"gb-author-origin\">\n\t\t\t\t\t\t\t<span class=\"gb-author-origin-from-text\"> aus<\/span>\n\t\t\t\t\t\t\t<span class=\"gb-author-origin-text\"> Thaining<\/span>\n\t\t\t\t\t\t<\/span>\n\t\t\t\t\t\t<span class=\"gb-datetime\">\n\t\t\t\t\t\t\t<span class=\"gb-date\"><span class=\"gb-date-wrote-text\"> schrieb am<\/span><span class=\"gb-date-text\"> 19. Januar 2021<\/span>\n\t\t\t\t\t\t\t<\/span>\n\t\t\t\t\t\t<\/span> \n\t\t\t\t\t<\/div>\n\t\t\t\t\t<div class=\"gb-entry-content\">Es hat mir gro\u00dfe Freude gemacht, in diese Geschichte, in diese spannenden Welten einzutauchen und den Kl\u00e4ngen und T\u00f6nen zu lauschen und den magischen Spuren der Figuren zu folgen! Herzergreifend und voller tiefer Wahrheit. Wunderbar! ...und ich freu mich schon jetzt auf die Fortsetzung &lt;3\n\t\t\t\t\t<\/div>\n\t\t\t\t<\/article>\n\t\t\t<\/div>\n\t\t\t<div class=\"gb-entry gb-entry_6 gb-entry-count_5 gwolle-gb-uneven\" id=\"gb-entry_6\" data-entry_id=\"6\">\n\t\t\t\t<article>\n\t\t\t\t\t<div class=\"gb-author-info\">\n\t\t\t\t\t\t<span class=\"gb-author-name\"><a href=\"http:\/\/www.lherbealaise.com\" target=\"_blank\" rel=\"nofollow noopener noreferrer\"\n\t\t\t\t\t\t\ttitle=\"Besuche die Website von Lotti: http:\/\/www.lherbealaise.com\">Lotti<\/a>\n\t\t\t\t\t\t<\/span>\n\t\t\t\t\t\t<span class=\"gb-author-origin\">\n\t\t\t\t\t\t\t<span class=\"gb-author-origin-from-text\"> aus<\/span>\n\t\t\t\t\t\t\t<span class=\"gb-author-origin-text\"> Castelnau-Barbarens<\/span>\n\t\t\t\t\t\t<\/span>\n\t\t\t\t\t\t<span class=\"gb-datetime\">\n\t\t\t\t\t\t\t<span class=\"gb-date\"><span class=\"gb-date-wrote-text\"> schrieb am<\/span><span class=\"gb-date-text\"> 3. November 2020<\/span>\n\t\t\t\t\t\t\t<\/span>\n\t\t\t\t\t\t<\/span> \n\t\t\t\t\t<\/div>\n\t\t\t\t\t<div class=\"gb-entry-content\">Ein wunderbar spannendes und mystisches Buch, das die Seele n\u00e4hrt. Und Lust gibt auf einen zweiten Band...\n\t\t\t\t\t<\/div>\n\t\t\t\t<\/article>\n\t\t\t<\/div>\n\t\t\t<div class=\"gb-entry gb-entry_5 gb-entry-count_6 gwolle-gb-even\" id=\"gb-entry_5\" data-entry_id=\"5\">\n\t\t\t\t<article>\n\t\t\t\t\t<div class=\"gb-author-info\">\n\t\t\t\t\t\t<span class=\"gb-author-name\"><a href=\"https:\/\/michaelsverlag.de\" target=\"_blank\" rel=\"nofollow noopener noreferrer\"\n\t\t\t\t\t\t\ttitle=\"Besuche die Website von Uli: https:\/\/michaelsverlag.de\">Uli<\/a>\n\t\t\t\t\t\t<\/span>\n\t\t\t\t\t\t<span class=\"gb-datetime\">\n\t\t\t\t\t\t\t<span class=\"gb-date\"><span class=\"gb-date-wrote-text\"> schrieb am<\/span><span class=\"gb-date-text\"> 19. Oktober 2020<\/span>\n\t\t\t\t\t\t\t<\/span>\n\t\t\t\t\t\t<\/span> \n\t\t\t\t\t<\/div>\n\t\t\t\t\t<div class=\"gb-entry-content\">Herzlichen Gl\u00fcckwunsch!\r\nAuch dieses Buch ist Klasse und nach den Sachb\u00fcchern ein richtig gelungener Roman mit allem, was es braucht - toll zu lesen; aber auch ganz viel Lob f\u00fcr die sch\u00f6ne Seite.\n\t\t\t\t\t<\/div>\n\t\t\t\t<\/article>\n\t\t\t<\/div>\n\t\t\t<div class=\"gb-entry gb-entry_4 gb-entry-count_7 gwolle-gb-uneven\" id=\"gb-entry_4\" data-entry_id=\"4\">\n\t\t\t\t<article>\n\t\t\t\t\t<div class=\"gb-author-info\">\n\t\t\t\t\t\t<span class=\"gb-author-name\">Susanne\n\t\t\t\t\t\t<\/span>\n\t\t\t\t\t\t<span class=\"gb-datetime\">\n\t\t\t\t\t\t\t<span class=\"gb-date\"><span class=\"gb-date-wrote-text\"> schrieb am<\/span><span class=\"gb-date-text\"> 18. September 2020<\/span>\n\t\t\t\t\t\t\t<\/span>\n\t\t\t\t\t\t<\/span> \n\t\t\t\t\t<\/div>\n\t\t\t\t\t<div class=\"gb-entry-content\">Ich fand das Buch total spannend und habe es sehr gerne gelesen, obwohl ich sonst eigentlich nichts f\u00fcr Fantasy-Literatur \u00fcbrig habe. Ich freue mich auf den n\u00e4chsten Band!\n\t\t\t\t\t<\/div>\n\t\t\t\t<\/article>\n\t\t\t<\/div>\n\t\t\t<\/div><\/div>\n","protected":false},"excerpt":{"rendered":"<p>Liebe Leserinnen und Leser der \u00bbNeun Pfeile\u00ab \u2013 \u00bbAtem der Zeit\u00ab, ich freue mich auf Eure Kommentare und Feedbacks! Herzlichst,Marlis Bader<\/p>\n","protected":false},"author":1,"featured_media":0,"parent":0,"menu_order":0,"comment_status":"closed","ping_status":"closed","template":"","meta":{"footnotes":""},"class_list":["post-189","page","type-page","status-publish","hentry","post"],"_links":{"self":[{"href":"https:\/\/www.neunpfeile.de\/index.php\/wp-json\/wp\/v2\/pages\/189","targetHints":{"allow":["GET"]}}],"collection":[{"href":"https:\/\/www.neunpfeile.de\/index.php\/wp-json\/wp\/v2\/pages"}],"about":[{"href":"https:\/\/www.neunpfeile.de\/index.php\/wp-json\/wp\/v2\/types\/page"}],"author":[{"embeddable":true,"href":"https:\/\/www.neunpfeile.de\/index.php\/wp-json\/wp\/v2\/users\/1"}],"replies":[{"embeddable":true,"href":"https:\/\/www.neunpfeile.de\/index.php\/wp-json\/wp\/v2\/comments?post=189"}],"version-history":[{"count":12,"href":"https:\/\/www.neunpfeile.de\/index.php\/wp-json\/wp\/v2\/pages\/189\/revisions"}],"predecessor-version":[{"id":393,"href":"https:\/\/www.neunpfeile.de\/index.php\/wp-json\/wp\/v2\/pages\/189\/revisions\/393"}],"wp:attachment":[{"href":"https:\/\/www.neunpfeile.de\/index.php\/wp-json\/wp\/v2\/media?parent=189"}],"curies":[{"name":"wp","href":"https:\/\/api.w.org\/{rel}","templated":true}]}}