{"id":505,"date":"2026-02-16T17:35:15","date_gmt":"2026-02-16T17:35:15","guid":{"rendered":"https:\/\/www.neunpfeile.de\/?page_id=505"},"modified":"2026-02-25T18:27:40","modified_gmt":"2026-02-25T18:27:40","slug":"feuer-der-gezeiten","status":"publish","type":"page","link":"https:\/\/www.neunpfeile.de\/","title":{"rendered":"Feuer der Gezeiten"},"content":{"rendered":"\n<figure class=\"wp-block-image size-large\"><img loading=\"lazy\" decoding=\"async\" width=\"1024\" height=\"560\" src=\"https:\/\/www.neunpfeile.de\/wp-content\/uploads\/2026\/02\/Schlange_frei_gruen_RGB-1024x560.webp\" alt=\"\" class=\"wp-image-596\" srcset=\"https:\/\/www.neunpfeile.de\/wp-content\/uploads\/2026\/02\/Schlange_frei_gruen_RGB-1024x560.webp 1024w, https:\/\/www.neunpfeile.de\/wp-content\/uploads\/2026\/02\/Schlange_frei_gruen_RGB-300x164.webp 300w, https:\/\/www.neunpfeile.de\/wp-content\/uploads\/2026\/02\/Schlange_frei_gruen_RGB-768x420.webp 768w, https:\/\/www.neunpfeile.de\/wp-content\/uploads\/2026\/02\/Schlange_frei_gruen_RGB-500x273.webp 500w, https:\/\/www.neunpfeile.de\/wp-content\/uploads\/2026\/02\/Schlange_frei_gruen_RGB-800x438.webp 800w, https:\/\/www.neunpfeile.de\/wp-content\/uploads\/2026\/02\/Schlange_frei_gruen_RGB.webp 1280w\" sizes=\"auto, (max-width: 1024px) 100vw, 1024px\" \/><\/figure>\n\n\n<div class=\"wp-block-group\">\u00a0<\/div>\n<p style=\"text-align: center; font-size: x-large; line-height: 200%; text-shadow: 5px 4px 4px #004360; margin-top: -20px; padding-bottom: 20px;\"><strong><span class=\"h3Text\">Neun Pfeile \u2013 Band 2<\/span><\/strong><br \/><em>Die Fortsetzung des All-Age-Fantasy-Romans \u00fcber die Alchemie des Lebens<\/em><\/p>\n<p style=\"text-align: center; font-size: x-large; line-height: 200%; text-shadow: 5px 4px 4px #004360; margin-top: -20px; padding-bottom: 20px;\"><span class=\"h3Text\">Ein uraltes R\u00e4tsel. Ein silberner Anh\u00e4nger.<br \/>Ein junger Arch\u00e4ologe, der die Grenzen der Zeiten \u00fcberschreitet.<br \/>Ein Dinosaurierzahn birgt das Unm\u00f6gliche: ein menschliches Artefakt aus purem Silber,<br \/>in Form einer sich in den Schwanz bei\u00dfenden Schlange.<br \/>Wir gelangt so etwas in einer Versteinerung?<br \/>Die Spur f\u00fchrt weit \u00fcber das Bekannte hinaus \u2013 zu vergessenen Legenden,<br \/>dunklen Prophezeiungen und der r\u00e4tselhaften Gestalt des Drachent\u00f6ters.<br \/>Wer war der Prinz Arath, der sagenumwobene Krieger aus der zweiten Driftung?<br \/>Und warum beginnt die Welt, sich mit seinem Erwachen zu ver\u00e4ndern?<\/span><\/p>\n<p style=\"text-align: center; font-size: x-large; line-height: 200%; text-shadow: 5px 4px 4px #004360; margin-top: -20px; padding-bottom: 20px;\"><em>\u00bbDoch was ist schon Zeit?\u00ab, fl\u00fcsterte Skulda \u2013 und klatscht in die H\u00e4nde.<\/em><\/p>\n\n\n<div style=\"height:15px\" aria-hidden=\"true\" class=\"wp-block-spacer\"><\/div>\n\n\n\n<p class=\"has-text-align-center has-medium-font-size\"><strong>Leseprobe<\/strong><br><a href=\"https:\/\/www.neunpfeile.de\/wp-content\/uploads\/2026\/02\/Feuer-der-Gezeiten_Il_Bader-Marlis_Leseprobe.pdf\">Seiten 7 \u2013 26<\/a><\/p>\n\n\n\n<div style=\"height:15px\" aria-hidden=\"true\" class=\"wp-block-spacer\"><\/div>\n\n\n<div class=\"wp-block-image\">\n<figure class=\"aligncenter size-medium\"><img loading=\"lazy\" decoding=\"async\" width=\"193\" height=\"300\" src=\"https:\/\/www.neunpfeile.de\/wp-content\/uploads\/2026\/02\/Cover-Bd.2-193x300.webp\" alt=\"\" class=\"wp-image-537\" srcset=\"https:\/\/www.neunpfeile.de\/wp-content\/uploads\/2026\/02\/Cover-Bd.2-193x300.webp 193w, https:\/\/www.neunpfeile.de\/wp-content\/uploads\/2026\/02\/Cover-Bd.2.webp 470w\" sizes=\"auto, (max-width: 193px) 100vw, 193px\" \/><\/figure>\n<\/div>\n\n\n<p class=\"has-text-align-center has-medium-font-size\"><span class=\"h3Text\">Marlis Bader \u00bbFeuer der Gezeiten\u00ab<br>Softcover mit Klappen, 408 Seiten<br>ISBN: 978-3906929712<br>Erh\u00e4ltlich im Buchhandel und \u00fcber <a href=\"https:\/\/www.fabelei-shop.de\/\" target=\"_blank\" rel=\"noreferrer noopener\">www.fabelei-shop.de<\/a><\/span><\/p>\n\n\n\n<p><\/p>\n","protected":false},"excerpt":{"rendered":"<p>\u00a0 Neun Pfeile \u2013 Band 2Die Fortsetzung des All-Age-Fantasy-Romans \u00fcber die Alchemie des Lebens Ein uraltes R\u00e4tsel. Ein silberner Anh\u00e4nger.Ein junger Arch\u00e4ologe, der die Grenzen der Zeiten \u00fcberschreitet.Ein Dinosaurierzahn birgt das Unm\u00f6gliche: ein menschliches Artefakt aus purem Silber,in Form einer sich in den Schwanz bei\u00dfenden Schlange.Wir gelangt so etwas in einer Versteinerung?Die Spur [&hellip;]<\/p>\n","protected":false},"author":2,"featured_media":0,"parent":0,"menu_order":0,"comment_status":"closed","ping_status":"closed","template":"","meta":{"footnotes":""},"class_list":["post-505","page","type-page","status-publish","hentry","post"],"_links":{"self":[{"href":"https:\/\/www.neunpfeile.de\/index.php\/wp-json\/wp\/v2\/pages\/505","targetHints":{"allow":["GET"]}}],"collection":[{"href":"https:\/\/www.neunpfeile.de\/index.php\/wp-json\/wp\/v2\/pages"}],"about":[{"href":"https:\/\/www.neunpfeile.de\/index.php\/wp-json\/wp\/v2\/types\/page"}],"author":[{"embeddable":true,"href":"https:\/\/www.neunpfeile.de\/index.php\/wp-json\/wp\/v2\/users\/2"}],"replies":[{"embeddable":true,"href":"https:\/\/www.neunpfeile.de\/index.php\/wp-json\/wp\/v2\/comments?post=505"}],"version-history":[{"count":39,"href":"https:\/\/www.neunpfeile.de\/index.php\/wp-json\/wp\/v2\/pages\/505\/revisions"}],"predecessor-version":[{"id":605,"href":"https:\/\/www.neunpfeile.de\/index.php\/wp-json\/wp\/v2\/pages\/505\/revisions\/605"}],"wp:attachment":[{"href":"https:\/\/www.neunpfeile.de\/index.php\/wp-json\/wp\/v2\/media?parent=505"}],"curies":[{"name":"wp","href":"https:\/\/api.w.org\/{rel}","templated":true}]}}